{"id":26,"date":"2025-06-19T14:43:59","date_gmt":"2025-06-19T14:43:59","guid":{"rendered":"https:\/\/hotelspalacolina.com\/?page_id=26"},"modified":"2025-08-01T21:04:31","modified_gmt":"2025-08-01T21:04:31","slug":"gastronomia","status":"publish","type":"page","link":"https:\/\/hotelspalacolina.com\/es\/gastronomia\/","title":{"rendered":"Gastronom\u00eda"},"content":{"rendered":"<style>.kb-row-layout-id26_8f8222-a0 > .kt-row-column-wrap{align-content:start;}:where(.kb-row-layout-id26_8f8222-a0 > .kt-row-column-wrap) > .wp-block-kadence-column{justify-content:start;}.kb-row-layout-id26_8f8222-a0 > .kt-row-column-wrap{column-gap:var(--global-kb-gap-md, 2rem);row-gap:var(--global-kb-gap-md, 2rem);max-width:760px;margin-left:auto;margin-right:auto;padding-top:200px;padding-bottom:150px;grid-template-columns:minmax(0, 1fr);}.kb-row-layout-id26_8f8222-a0{background-image:url('https:\/\/hotelspalacolina.com\/wp-content\/uploads\/2025\/07\/AnyConv.com__065e119a0c259ce9ade9a2ccb60ffd22acdd2f38.webp');background-size:cover;background-position:54% 45%;background-attachment:scroll;background-repeat:no-repeat;}.kb-row-layout-id26_8f8222-a0 > .kt-row-layout-overlay{opacity:0.60;background-color:var(--global-palette3, #1A202C);}@media all and (max-width: 1024px){.kb-row-layout-id26_8f8222-a0 > .kt-row-column-wrap{grid-template-columns:minmax(0, 1fr);}}@media all and (max-width: 767px){.kb-row-layout-id26_8f8222-a0 > .kt-row-column-wrap{padding-bottom:50px;grid-template-columns:minmax(0, 1fr);}}<\/style><div class=\"kb-row-layout-wrap kb-row-layout-id26_8f8222-a0 alignnone kt-row-has-bg wp-block-kadence-rowlayout\"><div class=\"kt-row-layout-overlay kt-row-overlay-normal\"><\/div><div class=\"kt-row-column-wrap kt-has-1-columns kt-row-layout-equal kt-tab-layout-inherit kt-mobile-layout-row kt-row-valign-top\">\n<style>.kadence-column26_e0089d-dc > .kt-inside-inner-col,.kadence-column26_e0089d-dc > .kt-inside-inner-col:before{border-top-left-radius:0px;border-top-right-radius:0px;border-bottom-right-radius:0px;border-bottom-left-radius:0px;}.kadence-column26_e0089d-dc > .kt-inside-inner-col{column-gap:var(--global-kb-gap-sm, 1rem);}.kadence-column26_e0089d-dc > .kt-inside-inner-col{flex-direction:column;}.kadence-column26_e0089d-dc > .kt-inside-inner-col > .aligncenter{width:100%;}.kadence-column26_e0089d-dc > .kt-inside-inner-col:before{opacity:0.3;}.kadence-column26_e0089d-dc{position:relative;}@media all and (max-width: 1024px){.kadence-column26_e0089d-dc > .kt-inside-inner-col{flex-direction:column;justify-content:center;}}@media all and (max-width: 767px){.kadence-column26_e0089d-dc > .kt-inside-inner-col{flex-direction:column;justify-content:center;}}<\/style>\n<div class=\"wp-block-kadence-column kadence-column26_e0089d-dc\"><div class=\"kt-inside-inner-col\"><style>.wp-block-kadence-advancedheading.kt-adv-heading26_82dfc2-8e, .wp-block-kadence-advancedheading.kt-adv-heading26_82dfc2-8e[data-kb-block=\"kb-adv-heading26_82dfc2-8e\"]{text-align:center;font-style:normal;}.wp-block-kadence-advancedheading.kt-adv-heading26_82dfc2-8e mark.kt-highlight, .wp-block-kadence-advancedheading.kt-adv-heading26_82dfc2-8e[data-kb-block=\"kb-adv-heading26_82dfc2-8e\"] mark.kt-highlight{font-style:normal;color:#f76a0c;-webkit-box-decoration-break:clone;box-decoration-break:clone;padding-top:0px;padding-right:0px;padding-bottom:0px;padding-left:0px;}<\/style>\n<h1 class=\"kt-adv-heading26_82dfc2-8e wp-block-kadence-advancedheading has-theme-palette-9-color has-text-color\" data-kb-block=\"kb-adv-heading26_82dfc2-8e\">Gastronom\u00eda<\/h1>\n<\/div><\/div>\n\n<\/div><\/div>\n\n<style>.kb-row-layout-id26_b32351-8c > .kt-row-column-wrap{align-content:start;}:where(.kb-row-layout-id26_b32351-8c > .kt-row-column-wrap) > .wp-block-kadence-column{justify-content:start;}.kb-row-layout-id26_b32351-8c > .kt-row-column-wrap{column-gap:var(--global-kb-gap-lg, 4rem);row-gap:var(--global-kb-gap-md, 2rem);max-width:1300px;margin-left:auto;margin-right:auto;padding-top:80px;padding-bottom:80px;grid-template-columns:minmax(0, calc(50% - ((var(--global-kb-gap-lg, 4rem) * 1 )\/2)))minmax(0, calc(50% - ((var(--global-kb-gap-lg, 4rem) * 1 )\/2)));}.kb-row-layout-id26_b32351-8c > .kt-row-layout-overlay{opacity:0.30;}@media all and (max-width: 1024px){.kb-row-layout-id26_b32351-8c > .kt-row-column-wrap{grid-template-columns:repeat(2, minmax(0, 1fr));}}@media all and (max-width: 767px){.kb-row-layout-id26_b32351-8c > .kt-row-column-wrap{padding-top:50px;padding-right:30px;padding-bottom:50px;padding-left:30px;grid-template-columns:minmax(0, 1fr);}}<\/style><div class=\"kb-row-layout-wrap kb-row-layout-id26_b32351-8c alignnone wp-block-kadence-rowlayout\"><div class=\"kt-row-column-wrap kt-has-2-columns kt-row-layout-equal kt-tab-layout-inherit kt-mobile-layout-row kt-row-valign-top\">\n<style>.kadence-column26_906744-76 > .kt-inside-inner-col,.kadence-column26_906744-76 > .kt-inside-inner-col:before{border-top-left-radius:0px;border-top-right-radius:0px;border-bottom-right-radius:0px;border-bottom-left-radius:0px;}.kadence-column26_906744-76 > .kt-inside-inner-col{column-gap:var(--global-kb-gap-sm, 1rem);}.kadence-column26_906744-76 > .kt-inside-inner-col{flex-direction:column;}.kadence-column26_906744-76 > .kt-inside-inner-col > .aligncenter{width:100%;}.kadence-column26_906744-76 > .kt-inside-inner-col:before{opacity:0.3;}.kadence-column26_906744-76{position:relative;}@media all and (max-width: 1024px){.kadence-column26_906744-76 > .kt-inside-inner-col{flex-direction:column;justify-content:center;}}@media all and (max-width: 767px){.kadence-column26_906744-76 > .kt-inside-inner-col{display:flex;flex-direction:column;justify-content:center;align-items:center;}}<\/style>\n<div class=\"wp-block-kadence-column kadence-column26_906744-76\"><div class=\"kt-inside-inner-col\"><style>.wp-block-kadence-advancedheading.kt-adv-heading26_f98e75-25, .wp-block-kadence-advancedheading.kt-adv-heading26_f98e75-25[data-kb-block=\"kb-adv-heading26_f98e75-25\"]{text-align:center;font-style:normal;}.wp-block-kadence-advancedheading.kt-adv-heading26_f98e75-25 mark.kt-highlight, .wp-block-kadence-advancedheading.kt-adv-heading26_f98e75-25[data-kb-block=\"kb-adv-heading26_f98e75-25\"] mark.kt-highlight{font-style:normal;color:#f76a0c;-webkit-box-decoration-break:clone;box-decoration-break:clone;padding-top:0px;padding-right:0px;padding-bottom:0px;padding-left:0px;}<\/style>\n<h3 class=\"kt-adv-heading26_f98e75-25 wp-block-kadence-advancedheading\" data-kb-block=\"kb-adv-heading26_f98e75-25\">En La Colina&#8230;<\/h3>\n\n\n<style>.wp-block-kadence-advancedheading.kt-adv-heading26_b9433c-b0, .wp-block-kadence-advancedheading.kt-adv-heading26_b9433c-b0[data-kb-block=\"kb-adv-heading26_b9433c-b0\"]{text-align:center;font-style:normal;}.wp-block-kadence-advancedheading.kt-adv-heading26_b9433c-b0 mark.kt-highlight, .wp-block-kadence-advancedheading.kt-adv-heading26_b9433c-b0[data-kb-block=\"kb-adv-heading26_b9433c-b0\"] mark.kt-highlight{font-style:normal;color:#f76a0c;-webkit-box-decoration-break:clone;box-decoration-break:clone;padding-top:0px;padding-right:0px;padding-bottom:0px;padding-left:0px;}<\/style>\n<p class=\"kt-adv-heading26_b9433c-b0 wp-block-kadence-advancedheading\" data-kb-block=\"kb-adv-heading26_b9433c-b0\">La gastronom\u00eda es una experiencia sin afanes, guiada por el sabor aut\u00e9ntico y el cari\u00f1o con que cocinamos. No tenemos horarios: t\u00fa decides cu\u00e1ndo desayunar, cenar o simplemente dejarte sorprender.<br><br>Nuestra cocina es natural, \u00edntima y basada en ingredientes frescos \u2014muchos cosechados en nuestra propia huerta\u2014, con una carta peque\u00f1a y flexible que se adapta a tus gustos o necesidades. Ya sea en tu habitaci\u00f3n, en una p\u00e9rgola rodeada de bosque o bajo el cielo estrellado, cada comida aqu\u00ed est\u00e1 pensada para nutrir el cuerpo y reconfortar el alma.<\/p>\n\n\n<style>.wp-block-kadence-advancedbtn.kb-btns26_c7266d-7a{gap:var(--global-kb-gap-xs, 0.5rem );justify-content:center;align-items:center;}.kt-btns26_c7266d-7a .kt-button{font-weight:normal;font-style:normal;}.kt-btns26_c7266d-7a .kt-btn-wrap-0{margin-right:5px;}.wp-block-kadence-advancedbtn.kt-btns26_c7266d-7a .kt-btn-wrap-0 .kt-button{color:#555555;border-color:#555555;}.wp-block-kadence-advancedbtn.kt-btns26_c7266d-7a .kt-btn-wrap-0 .kt-button:hover, .wp-block-kadence-advancedbtn.kt-btns26_c7266d-7a .kt-btn-wrap-0 .kt-button:focus{color:#ffffff;border-color:#444444;}.wp-block-kadence-advancedbtn.kt-btns26_c7266d-7a .kt-btn-wrap-0 .kt-button::before{display:none;}.wp-block-kadence-advancedbtn.kt-btns26_c7266d-7a .kt-btn-wrap-0 .kt-button:hover, .wp-block-kadence-advancedbtn.kt-btns26_c7266d-7a .kt-btn-wrap-0 .kt-button:focus{background:#444444;}@media all and (max-width: 767px){.wp-block-kadence-advancedbtn.kb-btns26_c7266d-7a{justify-content:center;}}<\/style>\n<div class=\"wp-block-kadence-advancedbtn kb-buttons-wrap kb-btns26_c7266d-7a\"><style>ul.menu .wp-block-kadence-advancedbtn .kb-btn26_f2f7c2-93.kb-button{width:initial;}.wp-block-kadence-advancedbtn .kb-btn26_f2f7c2-93.kb-button{background:var(--global-palette5, #4A5568);}.kb-btn26_f2f7c2-93.kb-button .kb-svg-icon-wrap{font-size:21px;--kb-button-icon-size:21px;}.wp-block-kadence-advancedbtn .kb-btn26_f2f7c2-93.kb-button:hover, .wp-block-kadence-advancedbtn .kb-btn26_f2f7c2-93.kb-button:focus{background:var(--global-palette6, #718096);}<\/style><a class=\"kb-button kt-button button kb-btn26_f2f7c2-93 kt-btn-size-standard kt-btn-width-type-auto kb-btn-global-inherit kt-btn-has-text-true kt-btn-has-svg-false  wp-block-button__link wp-block-kadence-singlebtn\" href=\"\/wp-content\/uploads\/2025\/08\/MENU-2.pdf\" target=\"_blank\" rel=\"noreferrer noopener\"><span class=\"kt-btn-inner-text\">Descargar la carta<\/span><\/a><\/div>\n<\/div><\/div>\n\n\n<style>.kadence-column26_02bfbd-f7 > .kt-inside-inner-col,.kadence-column26_02bfbd-f7 > .kt-inside-inner-col:before{border-top-left-radius:0px;border-top-right-radius:0px;border-bottom-right-radius:0px;border-bottom-left-radius:0px;}.kadence-column26_02bfbd-f7 > .kt-inside-inner-col{column-gap:var(--global-kb-gap-sm, 1rem);}.kadence-column26_02bfbd-f7 > .kt-inside-inner-col{flex-direction:column;}.kadence-column26_02bfbd-f7 > .kt-inside-inner-col > .aligncenter{width:100%;}.kadence-column26_02bfbd-f7 > .kt-inside-inner-col:before{opacity:0.3;}.kadence-column26_02bfbd-f7{position:relative;}@media all and (max-width: 1024px){.kadence-column26_02bfbd-f7 > .kt-inside-inner-col{flex-direction:column;justify-content:center;}}@media all and (max-width: 767px){.kadence-column26_02bfbd-f7 > .kt-inside-inner-col{display:flex;flex-direction:column;justify-content:center;align-items:center;}}<\/style>\n<div class=\"wp-block-kadence-column kadence-column26_02bfbd-f7\"><div class=\"kt-inside-inner-col\"><style>.kb-image26_4a095a-34 .kb-image-has-overlay:after{opacity:0.3;}<\/style>\n<figure class=\"wp-block-kadence-image kb-image26_4a095a-34 size-full\"><img loading=\"lazy\" decoding=\"async\" width=\"800\" height=\"640\" src=\"https:\/\/hotelspalacolina.com\/wp-content\/uploads\/2025\/07\/AnyConv.com__6ef73fe05fc6e9b21dde8cbc91c2adfe5d33aefb.webp\" alt=\"\" class=\"kb-img wp-image-618\" srcset=\"https:\/\/hotelspalacolina.com\/wp-content\/uploads\/2025\/07\/AnyConv.com__6ef73fe05fc6e9b21dde8cbc91c2adfe5d33aefb.webp 800w, https:\/\/hotelspalacolina.com\/wp-content\/uploads\/2025\/07\/AnyConv.com__6ef73fe05fc6e9b21dde8cbc91c2adfe5d33aefb-300x240.webp 300w, https:\/\/hotelspalacolina.com\/wp-content\/uploads\/2025\/07\/AnyConv.com__6ef73fe05fc6e9b21dde8cbc91c2adfe5d33aefb-768x614.webp 768w\" sizes=\"auto, (max-width: 800px) 100vw, 800px\" \/><\/figure>\n<\/div><\/div>\n\n<\/div><\/div>","protected":false},"excerpt":{"rendered":"<p>Gastronom\u00eda En La Colina&#8230; La gastronom\u00eda es una experiencia sin afanes, guiada por el sabor aut\u00e9ntico y el cari\u00f1o con que cocinamos. No tenemos horarios: t\u00fa decides cu\u00e1ndo desayunar, cenar o simplemente dejarte sorprender. Nuestra cocina es natural, \u00edntima y basada en ingredientes frescos \u2014muchos cosechados en nuestra propia huerta\u2014, con una carta peque\u00f1a y&#8230;<\/p>\n","protected":false},"author":3,"featured_media":0,"parent":0,"menu_order":0,"comment_status":"closed","ping_status":"closed","template":"","meta":{"_kad_blocks_custom_css":"","_kad_blocks_head_custom_js":"","_kad_blocks_body_custom_js":"","_kad_blocks_footer_custom_js":"","_kadence_starter_templates_imported_post":false,"_kad_post_transparent":"enable","_kad_post_title":"hide","_kad_post_layout":"fullwidth","_kad_post_sidebar_id":"","_kad_post_content_style":"unboxed","_kad_post_vertical_padding":"hide","_kad_post_feature":"hide","_kad_post_feature_position":"","_kad_post_header":false,"_kad_post_footer":false,"_joinchat":[],"footnotes":""},"class_list":["post-26","page","type-page","status-publish","hentry"],"taxonomy_info":[],"featured_image_src_large":false,"author_info":{"display_name":"design_santiago","author_link":"https:\/\/hotelspalacolina.com\/es\/author\/design_santiago\/"},"comment_info":0,"_links":{"self":[{"href":"https:\/\/hotelspalacolina.com\/es\/wp-json\/wp\/v2\/pages\/26","targetHints":{"allow":["GET"]}}],"collection":[{"href":"https:\/\/hotelspalacolina.com\/es\/wp-json\/wp\/v2\/pages"}],"about":[{"href":"https:\/\/hotelspalacolina.com\/es\/wp-json\/wp\/v2\/types\/page"}],"author":[{"embeddable":true,"href":"https:\/\/hotelspalacolina.com\/es\/wp-json\/wp\/v2\/users\/3"}],"replies":[{"embeddable":true,"href":"https:\/\/hotelspalacolina.com\/es\/wp-json\/wp\/v2\/comments?post=26"}],"version-history":[{"count":9,"href":"https:\/\/hotelspalacolina.com\/es\/wp-json\/wp\/v2\/pages\/26\/revisions"}],"predecessor-version":[{"id":803,"href":"https:\/\/hotelspalacolina.com\/es\/wp-json\/wp\/v2\/pages\/26\/revisions\/803"}],"wp:attachment":[{"href":"https:\/\/hotelspalacolina.com\/es\/wp-json\/wp\/v2\/media?parent=26"}],"curies":[{"name":"wp","href":"https:\/\/api.w.org\/{rel}","templated":true}]}}